{"id":707,"date":"2024-07-29T19:11:28","date_gmt":"2024-07-29T19:11:28","guid":{"rendered":"https:\/\/rgcv.local\/sample-page\/"},"modified":"2024-08-28T15:59:03","modified_gmt":"2024-08-28T15:59:03","slug":"sample-page","status":"publish","type":"page","link":"https:\/\/www.rgcv.ca\/en\/","title":{"rendered":"Accueil"},"content":{"rendered":"\n<section class=\"wp-block-group alignfull hero_bloc is-layout-constrained wp-block-group-is-layout-constrained\">\n<figure class=\"wp-block-image alignfull size-large parallax-img\" id=\"image_banner\"><img loading=\"lazy\" decoding=\"async\" width=\"1024\" height=\"505\" src=\"https:\/\/www.rgcv.ca\/wp-content\/uploads\/2024\/07\/banner_photo-1024x505.png\" alt=\"\" class=\"wp-image-58\" srcset=\"https:\/\/www.rgcv.ca\/wp-content\/uploads\/2024\/07\/banner_photo-1024x505.png 1024w, https:\/\/www.rgcv.ca\/wp-content\/uploads\/2024\/07\/banner_photo-300x148.png 300w, https:\/\/www.rgcv.ca\/wp-content\/uploads\/2024\/07\/banner_photo-768x378.png 768w, https:\/\/www.rgcv.ca\/wp-content\/uploads\/2024\/07\/banner_photo-1536x757.png 1536w, https:\/\/www.rgcv.ca\/wp-content\/uploads\/2024\/07\/banner_photo.png 1920w\" sizes=\"auto, (max-width: 1024px) 100vw, 1024px\" \/><\/figure>\n\n\n\n<div class=\"wp-block-group alignfull content_hero is-layout-constrained wp-block-group-is-layout-constrained\">\n<h1 class=\"wp-block-heading titre_banner\">The specialist in energy solutions in Outaouais<\/h1>\n\n\n\n<h6 class=\"wp-block-heading subtitre_banner\">RGCV, more than 40 years of experience in heating, air conditioning, ventilation and geothermal energy<\/h6>\n\n\n\n<div class=\"wp-block-buttons buttons_general is-layout-flex wp-block-buttons-is-layout-flex\">\n<div class=\"wp-block-button is-style-fill\"><a class=\"wp-block-button__link wp-element-button\">R\u00e9sidentiel<\/a><\/div>\n\n\n\n<div class=\"wp-block-button\"><a class=\"wp-block-button__link wp-element-button\">Commercial<\/a><\/div>\n<\/div>\n<\/div>\n<\/section>\n\n\n\n<section class=\"wp-block-group alignfull title_texte_button_container is-layout-constrained wp-block-group-is-layout-constrained\"><div class=\"corner1\"><\/div>\n<div class=\"corner3\"><\/div>\n<div class=\"block_title_text_button align wp-block-acf-block-title-text-button\">\n    <h3>Votre confort, notre priorit\u00e9<\/h2>\n        <p>Lorem ipsum dolor sit amet, consectetur adipiscing elit, sed do eiusmod tempor incididunt ut labore et dolore magna aliqua. Ut enim ad minim veniam, quis nostrud exercitation ullamco laboris nisi ut aliquip ex ea commodo consequat. Duis aute irure dolor in reprehenderit in voluptate velit esse cillum dolore eu fugiat nulla pariatur.<\/p>\n                <div class=\"wp-block-buttons buttons_general with_border is-layout-flex wp-block-buttons-is-layout-flex\">\n            <div class=\"wp-block-button is-style-fill\">\n                <a href=\"https:\/\/www.rgcv.ca\/a-propos\/\" target=\"_self\"\n                    class=\"wp-block-button__link wp-element-button\">\n                    \u00c0 propos                <\/a>\n            <\/div>\n        <\/div>\n        \n        \n<\/div>\n<div class=\"corner2\"><\/div><\/section>\n\n\n\n<section class=\"wp-block-group alignfull two_sections is-layout-constrained wp-block-group-is-layout-constrained\">\n<div class=\"wp-block-group alignfull wrapper_two_sections is-nowrap is-layout-flex wp-container-core-group-is-layout-6c531013 wp-block-group-is-layout-flex\">\n<div class=\"wp-block-group section_left is-layout-constrained wp-block-group-is-layout-constrained\">\n<figure class=\"wp-block-image size-large\"><img loading=\"lazy\" decoding=\"async\" width=\"683\" height=\"1024\" src=\"https:\/\/www.rgcv.ca\/wp-content\/uploads\/2024\/07\/this1-683x1024.jpg\" alt=\"\" class=\"wp-image-115\" srcset=\"https:\/\/www.rgcv.ca\/wp-content\/uploads\/2024\/07\/this1-683x1024.jpg 683w, https:\/\/www.rgcv.ca\/wp-content\/uploads\/2024\/07\/this1-200x300.jpg 200w, https:\/\/www.rgcv.ca\/wp-content\/uploads\/2024\/07\/this1-768x1152.jpg 768w, https:\/\/www.rgcv.ca\/wp-content\/uploads\/2024\/07\/this1-1024x1536.jpg 1024w, https:\/\/www.rgcv.ca\/wp-content\/uploads\/2024\/07\/this1-1365x2048.jpg 1365w, https:\/\/www.rgcv.ca\/wp-content\/uploads\/2024\/07\/this1-scaled.jpg 1707w\" sizes=\"auto, (max-width: 683px) 100vw, 683px\" \/><\/figure>\n\n\n\n<div class=\"wp-block-group content_sections is-layout-constrained wp-block-group-is-layout-constrained\">\n<h2 class=\"wp-block-heading\">R\u00e9sidentiel<\/h2>\n\n\n\n<p class=\"subtitre_two_blocks\">RGCV, c\u2019est plus de 40 ann\u00e9es d\u2019exp\u00e9rience en chauffage, climatisation, ventilation et g\u00e9othermie<\/p>\n\n\n\n<div class=\"wp-block-buttons buttons_general is-layout-flex wp-block-buttons-is-layout-flex\">\n<div class=\"wp-block-button is-style-outline is-style-outline--1\"><a class=\"wp-block-button__link wp-element-button\">R\u00e9sidentiel<\/a><\/div>\n<\/div>\n<\/div>\n<\/div>\n\n\n\n<div class=\"wp-block-group section_right is-layout-constrained wp-block-group-is-layout-constrained\">\n<figure class=\"wp-block-image size-large\"><img loading=\"lazy\" decoding=\"async\" width=\"683\" height=\"1024\" src=\"https:\/\/www.rgcv.ca\/wp-content\/uploads\/2024\/07\/this2-683x1024.jpg\" alt=\"\" class=\"wp-image-116\" srcset=\"https:\/\/www.rgcv.ca\/wp-content\/uploads\/2024\/07\/this2-683x1024.jpg 683w, https:\/\/www.rgcv.ca\/wp-content\/uploads\/2024\/07\/this2-200x300.jpg 200w, https:\/\/www.rgcv.ca\/wp-content\/uploads\/2024\/07\/this2-768x1152.jpg 768w, https:\/\/www.rgcv.ca\/wp-content\/uploads\/2024\/07\/this2-1024x1536.jpg 1024w, https:\/\/www.rgcv.ca\/wp-content\/uploads\/2024\/07\/this2-1365x2048.jpg 1365w, https:\/\/www.rgcv.ca\/wp-content\/uploads\/2024\/07\/this2-scaled.jpg 1707w\" sizes=\"auto, (max-width: 683px) 100vw, 683px\" \/><\/figure>\n\n\n\n<div class=\"wp-block-group content_sections is-layout-constrained wp-block-group-is-layout-constrained\">\n<h2 class=\"wp-block-heading\">Commercial<\/h2>\n\n\n\n<p class=\"subtitre_two_blocks\">RGCV, c\u2019est plus de 40 ann\u00e9es d\u2019exp\u00e9rience en chauffage, climatisation, ventilation et g\u00e9othermie<\/p>\n\n\n\n<div class=\"wp-block-buttons buttons_general is-layout-flex wp-block-buttons-is-layout-flex\">\n<div class=\"wp-block-button is-style-outline is-style-outline--2\"><a class=\"wp-block-button__link wp-element-button\">R\u00e9sidentiel<\/a><\/div>\n<\/div>\n<\/div>\n<\/div>\n<\/div>\n<\/section>\n\n\n\n<section class=\"wp-block-group alignfull slide_services_container is-layout-constrained wp-block-group-is-layout-constrained\"><div class=\"slider_services align wp-block-acf-block-slide-services\">\n    <h3>\n        Votre confort, notre priorit\u00e9    <\/h3>\n\n    <p>\n        Lorem ipsum dolor sit amet, consectetur adipiscing elit, sed do eiusmod tempor incididunt ut labore et dolore magna aliqua. Ut enim ad minim veniam, quis nostrud exercitation ullamco laboris nisi ut aliquip ex ea commodo consequat.    <\/p>\n    <div class=\"container_slider_service\">\n        <div class=\"swiper-button-prev\">\n            <svg xmlns=\"http:\/\/www.w3.org\/2000\/svg\" version=\"1.1\" viewBox=\"0 0 49 49\">\n                <defs>\n                    <style>\n                    .cls-1 {\n                        fill: #3c4608;\n                    }\n                    <\/style>\n                <\/defs>\n                <!-- Generator: Adobe Illustrator 28.6.0, SVG Export Plug-In . SVG Version: 1.2.0 Build 709)  -->\n                <g>\n                    <g id=\"Calque_1\">\n                        <g id=\"Calque_1-2\" data-name=\"Calque_1\">\n                            <g id=\"Component_207_1\">\n                                <path id=\"Path_235\" class=\"cls-1\"\n                                    d=\"M24.8,49l4.5-4.4L12.2,27.8l36.9-.4v-6.4c0,0-36.9.4-36.9.4L28.8,4.5,24.3,0,0,24.7l24.8,24.3Z\" \/>\n                            <\/g>\n                        <\/g>\n                    <\/g>\n                <\/g>\n            <\/svg>\n\n        <\/div>\n        <div class=\"swiper\">\n            <!-- Additional required wrapper -->\n            <div class=\"swiper-wrapper\">\n\n\n                <!-- Slides -->\n                \n                <div class=\"swiper-slide\">\n                    <div class=\"service_block\">\n                        <div class=\"service_image\">\n                            <img loading=\"lazy\" decoding=\"async\" width=\"1\" height=\"1\" src=\"https:\/\/www.rgcv.ca\/wp-content\/uploads\/2024\/08\/chauffage-2.svg\" class=\"attachment-full size-full wp-post-image\" alt=\"\" \/>                        <\/div>\n                        <div class=\"innerContent\">\n                            <h5>\n                                Chauffage                            <\/h5>\n                            <p>\n                                Une gamme compl\u00e8te d\u2019\u00e9quipements de chauffage, climatisation et ventilation pour tous les types d\u2019habitations existants ou \u00e0 construire.                             <\/p>\n                        <\/div>\n\n                    <\/div>\n                <\/div>\n\n                \n                <div class=\"swiper-slide\">\n                    <div class=\"service_block\">\n                        <div class=\"service_image\">\n                            <img loading=\"lazy\" decoding=\"async\" width=\"1\" height=\"1\" src=\"https:\/\/www.rgcv.ca\/wp-content\/uploads\/2024\/08\/chauffage-2.svg\" class=\"attachment-full size-full wp-post-image\" alt=\"\" \/>                        <\/div>\n                        <div class=\"innerContent\">\n                            <h5>\n                                Multi-logement r\u00e9sidentiel lourd                            <\/h5>\n                            <p>\n                                Nous nous sp\u00e9cialisons dans la ventilation et la r\u00e9frig\u00e9ration pour des \u00e9difices \u00e0 condos de plus de 100 unit\u00e9s                            <\/p>\n                        <\/div>\n\n                    <\/div>\n                <\/div>\n\n                \n                <div class=\"swiper-slide\">\n                    <div class=\"service_block\">\n                        <div class=\"service_image\">\n                            <img loading=\"lazy\" decoding=\"async\" width=\"1\" height=\"1\" src=\"https:\/\/www.rgcv.ca\/wp-content\/uploads\/2024\/08\/ventilation-2.svg\" class=\"attachment-full size-full wp-post-image\" alt=\"\" \/>                        <\/div>\n                        <div class=\"innerContent\">\n                            <h5>\n                                Ventilation                            <\/h5>\n                            <p>\n                                D\u00e9couvrez nos produits: \u00e9changeurs d&#8217;air, humidificateurs et purificateurs d&#8217;air UV.                            <\/p>\n                        <\/div>\n\n                    <\/div>\n                <\/div>\n\n                \n                <div class=\"swiper-slide\">\n                    <div class=\"service_block\">\n                        <div class=\"service_image\">\n                            <img loading=\"lazy\" decoding=\"async\" width=\"1\" height=\"1\" src=\"https:\/\/www.rgcv.ca\/wp-content\/uploads\/2024\/08\/climatisation-2.svg\" class=\"attachment-full size-full wp-post-image\" alt=\"\" \/>                        <\/div>\n                        <div class=\"innerContent\">\n                            <h5>\n                                Climatisation                            <\/h5>\n                            <p>\n                                Garder votre r\u00e9sidence au frais, m\u00eame sous les chauds rayons du soleil d\u2019\u00e9t\u00e9!                             <\/p>\n                        <\/div>\n\n                    <\/div>\n                <\/div>\n\n                \n                <div class=\"swiper-slide\">\n                    <div class=\"service_block\">\n                        <div class=\"service_image\">\n                            <img loading=\"lazy\" decoding=\"async\" width=\"1\" height=\"1\" src=\"https:\/\/www.rgcv.ca\/wp-content\/uploads\/2024\/08\/geothermie-2.svg\" class=\"attachment-full size-full wp-post-image\" alt=\"\" \/>                        <\/div>\n                        <div class=\"innerContent\">\n                            <h5>\n                                G\u00e9othermie                            <\/h5>\n                            <p>\n                                La g\u00e9othermie exploite la chaleur naturelle du sous-sol pour offrir une solution \u00e9nerg\u00e9tique locale, fiable et bas carbone.                            <\/p>\n                        <\/div>\n\n                    <\/div>\n                <\/div>\n\n                \n            <\/div>\n        <\/div>\n        <div class=\"swiper-button-next\">\n            <svg xmlns=\"http:\/\/www.w3.org\/2000\/svg\" version=\"1.1\" viewBox=\"0 0 49 49\">\n                <defs>\n                    <style>\n                    .cls-1 {\n                        fill: #3c4608;\n                    }\n                    <\/style>\n                <\/defs>\n                <!-- Generator: Adobe Illustrator 28.6.0, SVG Export Plug-In . SVG Version: 1.2.0 Build 709)  -->\n                <g>\n                    <g id=\"Calque_1\">\n                        <g id=\"Component_207_1\">\n                            <path id=\"Path_235\" class=\"cls-1\"\n                                d=\"M24.3,0l-4.4,4.5,17,16.7L0,21.5v6.4s37-.4,37-.4l-16.7,17,4.5,4.4,24.3-24.7L24.3,0Z\" \/>\n                        <\/g>\n                    <\/g>\n                <\/g>\n            <\/svg>\n        <\/div>\n    <\/div>\n\n<\/div>\n<\/section>\n\n\n\n<section class=\"wp-block-group alignfull orange_block is-layout-constrained wp-block-group-is-layout-constrained\"><div class=\"block_orange align wp-block-acf-block-orange\">\n    <div class=\"left_block\">\n        <h3>Votre confort, notre priorit\u00e9<\/h2>\n            <p>Lorem ipsum dolor sit amet, consectetur adipiscing elit, sed do eiusmod tempor incididunt ut labore et dolore magna aliqua. Ut enim ad minim veniam, quis nostrud exercitation ullamco laboris nisi ut aliquip ex ea commodo consequat.<\/p>\n    <\/div>\n    <div class=\"right_block\">\n                <div class=\"wp-block-buttons buttons_general is-layout-flex wp-block-buttons-is-layout-flex\">\n            <div class=\"wp-block-button is-style-outline is-style-outline--2906fc14acfe192f85fecb273a33409b\">\n                <a href=\"https:\/\/www.rgcv.ca\/soumission-en-ligne\/\" target=\"_self\"\n                    class=\"wp-block-button__link wp-element-button orange_block_button\">\n                    Obtenez une soumission                <\/a>\n            <\/div>\n        <\/div>\n            <\/div>\n    <div class=\"triangle\"><\/div>\n<\/div><\/section>\n\n\n\n<section class=\"wp-block-group alignfull logos_container is-layout-constrained wp-block-group-is-layout-constrained\"><div class=\"block_logos align wp-block-acf-block-logos\">\n    <div class=\"logos\">\n                <img decoding=\"async\" src=\"https:\/\/www.rgcv.ca\/wp-content\/uploads\/2024\/08\/gazifere-logo.svg\" alt=\"\" \/>\n                <img decoding=\"async\" src=\"https:\/\/www.rgcv.ca\/wp-content\/uploads\/2024\/08\/novoclimat-logo.png\" alt=\"\" \/>\n                <img decoding=\"async\" src=\"https:\/\/www.rgcv.ca\/wp-content\/uploads\/2024\/08\/logo_officiel_de_la_regie_du_batiment_du_quebec.png\" alt=\"\" \/>\n                <img decoding=\"async\" src=\"https:\/\/www.rgcv.ca\/wp-content\/uploads\/2024\/08\/logo_cmmtq.png\" alt=\"\" \/>\n                <img decoding=\"async\" src=\"https:\/\/www.rgcv.ca\/wp-content\/uploads\/2024\/08\/ccq.png\" alt=\"\" \/>\n            <\/div>\n<\/div><\/section>\n","protected":false},"excerpt":{"rendered":"<p>The specialist in energy solutions in Outaouais RGCV, more than 40 years of experience in heating, air conditioning, ventilation and geothermal energy R\u00e9sidentiel RGCV, c\u2019est plus de 40 ann\u00e9es d\u2019exp\u00e9rience en chauffage, climatisation, ventilation et g\u00e9othermie Commercial RGCV, c\u2019est plus de 40 ann\u00e9es d\u2019exp\u00e9rience en chauffage, climatisation, ventilation et g\u00e9othermie<\/p>\n","protected":false},"author":1,"featured_media":0,"parent":0,"menu_order":0,"comment_status":"closed","ping_status":"open","template":"","meta":{"_acf_changed":false,"inline_featured_image":false,"footnotes":""},"class_list":["post-707","page","type-page","status-publish","hentry"],"acf":[],"yoast_head":"<!-- This site is optimized with the Yoast SEO plugin v26.5 - https:\/\/yoast.com\/wordpress\/plugins\/seo\/ -->\n<title>Accueil | RGCV | Climatisation Ventilation Chauffage G\u00e9othermie | Gatineau<\/title>\n<meta name=\"robots\" content=\"index, follow, max-snippet:-1, max-image-preview:large, max-video-preview:-1\" \/>\n<link rel=\"canonical\" href=\"https:\/\/www.rgcv.ca\/en\/\" \/>\n<meta property=\"og:locale\" content=\"en_US\" \/>\n<meta property=\"og:type\" content=\"article\" \/>\n<meta property=\"og:title\" content=\"Accueil | RGCV | Climatisation Ventilation Chauffage G\u00e9othermie | Gatineau\" \/>\n<meta property=\"og:description\" content=\"The specialist in energy solutions in Outaouais RGCV, more than 40 years of experience in heating, air conditioning, ventilation and geothermal energy R\u00e9sidentiel RGCV, c\u2019est plus de 40 ann\u00e9es d\u2019exp\u00e9rience en chauffage, climatisation, ventilation et g\u00e9othermie Commercial RGCV, c\u2019est plus de 40 ann\u00e9es d\u2019exp\u00e9rience en chauffage, climatisation, ventilation et g\u00e9othermie\" \/>\n<meta property=\"og:url\" content=\"https:\/\/www.rgcv.ca\/en\/\" \/>\n<meta property=\"og:site_name\" content=\"RGCV | Climatisation Ventilation Chauffage G\u00e9othermie | Gatineau\" \/>\n<meta property=\"article:modified_time\" content=\"2024-08-28T15:59:03+00:00\" \/>\n<meta property=\"og:image\" content=\"https:\/\/www.rgcv.ca\/wp-content\/uploads\/2024\/07\/banner_photo-1024x505.png\" \/>\n<meta name=\"twitter:card\" content=\"summary_large_image\" \/>\n<meta name=\"twitter:label1\" content=\"Est. reading time\" \/>\n\t<meta name=\"twitter:data1\" content=\"1 minute\" \/>\n<script type=\"application\/ld+json\" class=\"yoast-schema-graph\">{\"@context\":\"https:\/\/schema.org\",\"@graph\":[{\"@type\":\"WebPage\",\"@id\":\"https:\/\/www.rgcv.ca\/en\/\",\"url\":\"https:\/\/www.rgcv.ca\/en\/\",\"name\":\"Accueil | RGCV | Climatisation Ventilation Chauffage G\u00e9othermie | Gatineau\",\"isPartOf\":{\"@id\":\"https:\/\/www.rgcv.ca\/en\/#website\"},\"primaryImageOfPage\":{\"@id\":\"https:\/\/www.rgcv.ca\/en\/#primaryimage\"},\"image\":{\"@id\":\"https:\/\/www.rgcv.ca\/en\/#primaryimage\"},\"thumbnailUrl\":\"https:\/\/www.rgcv.ca\/wp-content\/uploads\/2024\/07\/banner_photo-1024x505.png\",\"datePublished\":\"2024-07-29T19:11:28+00:00\",\"dateModified\":\"2024-08-28T15:59:03+00:00\",\"breadcrumb\":{\"@id\":\"https:\/\/www.rgcv.ca\/en\/#breadcrumb\"},\"inLanguage\":\"en-US\",\"potentialAction\":[{\"@type\":\"ReadAction\",\"target\":[\"https:\/\/www.rgcv.ca\/en\/\"]}]},{\"@type\":\"ImageObject\",\"inLanguage\":\"en-US\",\"@id\":\"https:\/\/www.rgcv.ca\/en\/#primaryimage\",\"url\":\"https:\/\/www.rgcv.ca\/wp-content\/uploads\/2024\/07\/banner_photo-1024x505.png\",\"contentUrl\":\"https:\/\/www.rgcv.ca\/wp-content\/uploads\/2024\/07\/banner_photo-1024x505.png\"},{\"@type\":\"BreadcrumbList\",\"@id\":\"https:\/\/www.rgcv.ca\/en\/#breadcrumb\",\"itemListElement\":[{\"@type\":\"ListItem\",\"position\":1,\"name\":\"Home\",\"item\":\"https:\/\/www.rgcv.ca\/en\/\"},{\"@type\":\"ListItem\",\"position\":2,\"name\":\"Accueil\"}]},{\"@type\":\"WebSite\",\"@id\":\"https:\/\/www.rgcv.ca\/en\/#website\",\"url\":\"https:\/\/www.rgcv.ca\/en\/\",\"name\":\"RGCV | Climatisation Ventilation Chauffage G\u00e9othermie | Gatineau\",\"description\":\"\",\"publisher\":{\"@id\":\"https:\/\/www.rgcv.ca\/en\/#organization\"},\"potentialAction\":[{\"@type\":\"SearchAction\",\"target\":{\"@type\":\"EntryPoint\",\"urlTemplate\":\"https:\/\/www.rgcv.ca\/en\/?s={search_term_string}\"},\"query-input\":{\"@type\":\"PropertyValueSpecification\",\"valueRequired\":true,\"valueName\":\"search_term_string\"}}],\"inLanguage\":\"en-US\"},{\"@type\":\"Organization\",\"@id\":\"https:\/\/www.rgcv.ca\/en\/#organization\",\"name\":\"RGCV | Climatisation Ventilation Chauffage G\u00e9othermie | Gatineau\",\"url\":\"https:\/\/www.rgcv.ca\/en\/\",\"logo\":{\"@type\":\"ImageObject\",\"inLanguage\":\"en-US\",\"@id\":\"https:\/\/www.rgcv.ca\/en\/#\/schema\/logo\/image\/\",\"url\":\"https:\/\/www.rgcv.ca\/wp-content\/uploads\/2024\/07\/logorgcv.svg\",\"contentUrl\":\"https:\/\/www.rgcv.ca\/wp-content\/uploads\/2024\/07\/logorgcv.svg\",\"caption\":\"RGCV | Climatisation Ventilation Chauffage G\u00e9othermie | Gatineau\"},\"image\":{\"@id\":\"https:\/\/www.rgcv.ca\/en\/#\/schema\/logo\/image\/\"}}]}<\/script>\n<!-- \/ Yoast SEO plugin. -->","yoast_head_json":{"title":"Accueil | RGCV | Climatisation Ventilation Chauffage G\u00e9othermie | Gatineau","robots":{"index":"index","follow":"follow","max-snippet":"max-snippet:-1","max-image-preview":"max-image-preview:large","max-video-preview":"max-video-preview:-1"},"canonical":"https:\/\/www.rgcv.ca\/en\/","og_locale":"en_US","og_type":"article","og_title":"Accueil | RGCV | Climatisation Ventilation Chauffage G\u00e9othermie | Gatineau","og_description":"The specialist in energy solutions in Outaouais RGCV, more than 40 years of experience in heating, air conditioning, ventilation and geothermal energy R\u00e9sidentiel RGCV, c\u2019est plus de 40 ann\u00e9es d\u2019exp\u00e9rience en chauffage, climatisation, ventilation et g\u00e9othermie Commercial RGCV, c\u2019est plus de 40 ann\u00e9es d\u2019exp\u00e9rience en chauffage, climatisation, ventilation et g\u00e9othermie","og_url":"https:\/\/www.rgcv.ca\/en\/","og_site_name":"RGCV | Climatisation Ventilation Chauffage G\u00e9othermie | Gatineau","article_modified_time":"2024-08-28T15:59:03+00:00","og_image":[{"url":"https:\/\/www.rgcv.ca\/wp-content\/uploads\/2024\/07\/banner_photo-1024x505.png","type":"","width":"","height":""}],"twitter_card":"summary_large_image","twitter_misc":{"Est. reading time":"1 minute"},"schema":{"@context":"https:\/\/schema.org","@graph":[{"@type":"WebPage","@id":"https:\/\/www.rgcv.ca\/en\/","url":"https:\/\/www.rgcv.ca\/en\/","name":"Accueil | RGCV | Climatisation Ventilation Chauffage G\u00e9othermie | Gatineau","isPartOf":{"@id":"https:\/\/www.rgcv.ca\/en\/#website"},"primaryImageOfPage":{"@id":"https:\/\/www.rgcv.ca\/en\/#primaryimage"},"image":{"@id":"https:\/\/www.rgcv.ca\/en\/#primaryimage"},"thumbnailUrl":"https:\/\/www.rgcv.ca\/wp-content\/uploads\/2024\/07\/banner_photo-1024x505.png","datePublished":"2024-07-29T19:11:28+00:00","dateModified":"2024-08-28T15:59:03+00:00","breadcrumb":{"@id":"https:\/\/www.rgcv.ca\/en\/#breadcrumb"},"inLanguage":"en-US","potentialAction":[{"@type":"ReadAction","target":["https:\/\/www.rgcv.ca\/en\/"]}]},{"@type":"ImageObject","inLanguage":"en-US","@id":"https:\/\/www.rgcv.ca\/en\/#primaryimage","url":"https:\/\/www.rgcv.ca\/wp-content\/uploads\/2024\/07\/banner_photo-1024x505.png","contentUrl":"https:\/\/www.rgcv.ca\/wp-content\/uploads\/2024\/07\/banner_photo-1024x505.png"},{"@type":"BreadcrumbList","@id":"https:\/\/www.rgcv.ca\/en\/#breadcrumb","itemListElement":[{"@type":"ListItem","position":1,"name":"Home","item":"https:\/\/www.rgcv.ca\/en\/"},{"@type":"ListItem","position":2,"name":"Accueil"}]},{"@type":"WebSite","@id":"https:\/\/www.rgcv.ca\/en\/#website","url":"https:\/\/www.rgcv.ca\/en\/","name":"RGCV | Climatisation Ventilation Chauffage G\u00e9othermie | Gatineau","description":"","publisher":{"@id":"https:\/\/www.rgcv.ca\/en\/#organization"},"potentialAction":[{"@type":"SearchAction","target":{"@type":"EntryPoint","urlTemplate":"https:\/\/www.rgcv.ca\/en\/?s={search_term_string}"},"query-input":{"@type":"PropertyValueSpecification","valueRequired":true,"valueName":"search_term_string"}}],"inLanguage":"en-US"},{"@type":"Organization","@id":"https:\/\/www.rgcv.ca\/en\/#organization","name":"RGCV | Climatisation Ventilation Chauffage G\u00e9othermie | Gatineau","url":"https:\/\/www.rgcv.ca\/en\/","logo":{"@type":"ImageObject","inLanguage":"en-US","@id":"https:\/\/www.rgcv.ca\/en\/#\/schema\/logo\/image\/","url":"https:\/\/www.rgcv.ca\/wp-content\/uploads\/2024\/07\/logorgcv.svg","contentUrl":"https:\/\/www.rgcv.ca\/wp-content\/uploads\/2024\/07\/logorgcv.svg","caption":"RGCV | Climatisation Ventilation Chauffage G\u00e9othermie | Gatineau"},"image":{"@id":"https:\/\/www.rgcv.ca\/en\/#\/schema\/logo\/image\/"}}]}},"featured_image_src":null,"featured_image_src_square":null,"_links":{"self":[{"href":"https:\/\/www.rgcv.ca\/en\/wp-json\/wp\/v2\/pages\/707","targetHints":{"allow":["GET"]}}],"collection":[{"href":"https:\/\/www.rgcv.ca\/en\/wp-json\/wp\/v2\/pages"}],"about":[{"href":"https:\/\/www.rgcv.ca\/en\/wp-json\/wp\/v2\/types\/page"}],"author":[{"embeddable":true,"href":"https:\/\/www.rgcv.ca\/en\/wp-json\/wp\/v2\/users\/1"}],"replies":[{"embeddable":true,"href":"https:\/\/www.rgcv.ca\/en\/wp-json\/wp\/v2\/comments?post=707"}],"version-history":[{"count":0,"href":"https:\/\/www.rgcv.ca\/en\/wp-json\/wp\/v2\/pages\/707\/revisions"}],"wp:attachment":[{"href":"https:\/\/www.rgcv.ca\/en\/wp-json\/wp\/v2\/media?parent=707"}],"curies":[{"name":"wp","href":"https:\/\/api.w.org\/{rel}","templated":true}]}}