{"id":712,"date":"2024-07-30T00:55:55","date_gmt":"2024-07-30T00:55:55","guid":{"rendered":"https:\/\/rgcv.local\/a-propos\/"},"modified":"2024-08-28T16:21:57","modified_gmt":"2024-08-28T16:21:57","slug":"about-us","status":"publish","type":"page","link":"https:\/\/www.rgcv.ca\/en\/about-us\/","title":{"rendered":"About us"},"content":{"rendered":"\n<section class=\"wp-block-group alignfull hero_bloc min_height is-layout-constrained wp-block-group-is-layout-constrained\">\n<figure class=\"wp-block-image alignfull size-large parallax-img\" id=\"image_banner\"><img loading=\"lazy\" decoding=\"async\" width=\"1024\" height=\"222\" src=\"https:\/\/www.rgcv.ca\/wp-content\/uploads\/2024\/08\/service_banner-1024x222.png\" alt=\"\" class=\"wp-image-257\" srcset=\"https:\/\/www.rgcv.ca\/wp-content\/uploads\/2024\/08\/service_banner-1024x222.png 1024w, https:\/\/www.rgcv.ca\/wp-content\/uploads\/2024\/08\/service_banner-300x65.png 300w, https:\/\/www.rgcv.ca\/wp-content\/uploads\/2024\/08\/service_banner-768x167.png 768w, https:\/\/www.rgcv.ca\/wp-content\/uploads\/2024\/08\/service_banner-1536x334.png 1536w, https:\/\/www.rgcv.ca\/wp-content\/uploads\/2024\/08\/service_banner.png 1920w\" sizes=\"auto, (max-width: 1024px) 100vw, 1024px\" \/><\/figure>\n\n\n\n<div class=\"wp-block-group alignfull content_hero center_position_wrapper is-layout-constrained wp-block-group-is-layout-constrained\">\n<h1 class=\"wp-block-heading titre_banner center_position\">About us<\/h1>\n<\/div>\n<\/section>\n\n\n\n<section class=\"wp-block-group alignfull title_texte_button_container is-layout-constrained wp-block-group-is-layout-constrained\"><div class=\"corner1\"><\/div>\n<div class=\"corner3\"><\/div>\n<div class=\"block_title_text_button align wp-block-acf-block-title-text-button\">\n    <h3>R\u00e9frig\u00e9ration et Gaz Centre-Ville<\/h2>\n        <p>Avec pr\u00e8s de 25 ans d\u2019op\u00e9ration au m\u00eame endroit, la croissance de l\u2019entreprise a fait en sorte que nous devions nous reconstruire sur un site plus vaste, avec un b\u00e2timent r\u00e9pondant \u00e0 nos besoins actuels et futurs.<\/p>\n        \n        \n<\/div>\n<div class=\"corner2\"><\/div><\/section>\n\n\n\n<section class=\"wp-block-group alignfull valeurs_container is-layout-constrained wp-block-group-is-layout-constrained\"><div class=\"valeurs_content alignfull wp-block-acf-block-valeurs\">\n    \n    <div class=\"block_valeur\" style=\"flex-direction: row-reverse;\">\n        <div class=\"block_valeur_left parallax-img\">\n                        <img decoding=\"async\" src=\"https:\/\/www.rgcv.ca\/wp-content\/uploads\/2024\/08\/valeur1.png\"\n                alt=\"\" \/>\n                    <\/div>\n        <div class=\"block_valeur_right\" style=\"background-color: #3c4608;\">\n            <p style=\"color: #ffffff !important\">Au fil des ans R\u00e9frig\u00e9ration et Gaz Centre-Ville a su diversifier ses activit\u00e9s et se d\u00e9marquer pour devenir une entreprise solide offrant une gamme compl\u00e8te de produits et services dans la r\u00e9frig\u00e9ration, la climatisation et le chauffage en Outaouais. <\/p>\n<p style=\"color: #ffffff !important\">L\u2019\u00e9nergie et le s\u00e9rieux d\u00e9ploy\u00e9s par nous tous pour assurer une qualit\u00e9 sup\u00e9rieure et votre enti\u00e8re satisfaction nous motivent \u00e0 \u00eatre constamment \u00e0 la recherche des meilleurs produits et des nouvelles techniques de service.<\/p>\n        <\/div>\n    <\/div>\n\n    \n    <div class=\"block_valeur\" style=\"flex-direction: row;\">\n        <div class=\"block_valeur_left parallax-img\">\n                        <img decoding=\"async\" src=\"https:\/\/www.rgcv.ca\/wp-content\/uploads\/2024\/08\/valeur2.png\"\n                alt=\"\" \/>\n                    <\/div>\n        <div class=\"block_valeur_right\" style=\"background-color: #3c4608;\">\n            <p style=\"color: #ffffff !important\">Que ce soit pour la protection de l\u2019environnement en r\u00e9cup\u00e9rant les CFC ou pour votre protection en utilisant des produits de qualit\u00e9 sup\u00e9rieure, vous \u00eates assur\u00e9s de recevoir un service et des \u00e9quipements de haute gamme toujours avec la meilleure garantie disponible. <\/p>\n<p style=\"color: #ffffff !important\">L\u2019honn\u00eatet\u00e9 et la loyaut\u00e9 de tout le personnel sont les principes fondamentaux de l\u2019entreprise. M\u00eame si l\u2019\u00e9quipe d\u2019hommes et de femmes ne cesse de grandir, les premiers sont toujours l\u00e0 depuis 1988 \u00e0 vous servir et j\u2019en suis tr\u00e8s fier. <\/p>\n<p style=\"color: #ffffff !important\">Depuis nos d\u00e9buts nous avons su conserver et augmenter notre part du march\u00e9 en donnant le meilleur de nous-m\u00eames. En continuant dans ce sens, vous \u00eates assur\u00e9s de pouvoir compter sur nous pour longte<\/p>\n        <\/div>\n    <\/div>\n\n    <\/div>\n<\/section>\n\n\n\n<section class=\"wp-block-group alignfull container_slider_valeurs is-layout-constrained wp-block-group-is-layout-constrained\"><div class=\"single_slider_valeurs align wp-block-acf-block-slide-valeurs\">\n\n    <div class=\"buttons_text_container\">\n        <div class=\"buttons\">\n            <div class=\"swiper-button-prev\">\n                <svg xmlns=\"http:\/\/www.w3.org\/2000\/svg\" version=\"1.1\" viewBox=\"0 0 49 49\">\n                    <defs>\n                        <style>\n                        .cls-1 {\n                            fill: #3c4608;\n                        }\n                        <\/style>\n                    <\/defs>\n                    <!-- Generator: Adobe Illustrator 28.6.0, SVG Export Plug-In . SVG Version: 1.2.0 Build 709)  -->\n                    <g>\n                        <g id=\"Calque_1\">\n                            <g id=\"Calque_1-2\" data-name=\"Calque_1\">\n                                <g id=\"Component_207_1\">\n                                    <path id=\"Path_235\" class=\"cls-1\"\n                                        d=\"M24.8,49l4.5-4.4L12.2,27.8l36.9-.4v-6.4c0,0-36.9.4-36.9.4L28.8,4.5,24.3,0,0,24.7l24.8,24.3Z\" \/>\n                                <\/g>\n                            <\/g>\n                        <\/g>\n                    <\/g>\n                <\/svg>\n\n            <\/div>\n            <div class=\"swiper-button-next\">\n                <svg xmlns=\"http:\/\/www.w3.org\/2000\/svg\" version=\"1.1\" viewBox=\"0 0 49 49\">\n                    <defs>\n                        <style>\n                        .cls-1 {\n                            fill: #3c4608;\n                        }\n                        <\/style>\n                    <\/defs>\n                    <!-- Generator: Adobe Illustrator 28.6.0, SVG Export Plug-In . SVG Version: 1.2.0 Build 709)  -->\n                    <g>\n                        <g id=\"Calque_1\">\n                            <g id=\"Component_207_1\">\n                                <path id=\"Path_235\" class=\"cls-1\"\n                                    d=\"M24.3,0l-4.4,4.5,17,16.7L0,21.5v6.4s37-.4,37-.4l-16.7,17,4.5,4.4,24.3-24.7L24.3,0Z\" \/>\n                            <\/g>\n                        <\/g>\n                    <\/g>\n                <\/svg>\n            <\/div>\n        <\/div>\n        <div class=\"swiper\">\n            <!-- Additional required wrapper -->\n            <div class=\"swiper-wrapper\">\n\n                <!-- Slides -->\n                                <div class=\"swiper-slide\">\n                    <p class=\"number_slide\">\n                        01                    <\/p>\n                <\/div>\n                                <div class=\"swiper-slide\">\n                    <p class=\"number_slide\">\n                        02                    <\/p>\n                <\/div>\n                                <div class=\"swiper-slide\">\n                    <p class=\"number_slide\">\n                        03                    <\/p>\n                <\/div>\n                                <div class=\"swiper-slide\">\n                    <p class=\"number_slide\">\n                        04                    <\/p>\n                <\/div>\n                \n            <\/div>\n        <\/div>\n\n    <\/div>\n\n\n\n    <div class=\"simple_container_slider_realisation\">\n        <div class=\"swiper\">\n            <!-- Additional required wrapper -->\n            <div class=\"swiper-wrapper\">\n\n\n                <!-- Slides -->\n                \n                <div class=\"swiper-slide\">\n                    <div class=\"realisation_block\">\n                        <div class=\"realisation_text\">\n                            <h4>\n                                Valeur 01                            <\/h4>\n                            <p>\n                                Lorem ipsum dolor sit amet, consectetur adipiscing elit, sed do eiusmod tempor incididunt ut labore et dolore magna aliqua. Ut enim ad minim veniam, quis nostrud exercitation ullamco laboris nisi ut aliquip. Lorem ipsum dolor sit amet, consectetur adipiscing elit, sed do eiusmod tempor incididunt ut labore et dolore magna aliqua. Ut enim ad minim veniam, quis nostrud exercitation ullamco laboris nisi ut aliquip.Lorem ipsum dolor sit amet, consectetur adipiscing elit, sed do eiusmod tempor incididunt ut labore et dolore magna aliqua. Ut enim ad minim veniam, quis nostrud exercitation ullamco laboris nisi ut ali                            <\/p>\n                        <\/div>\n                    <\/div>\n                <\/div>\n\n                \n                <div class=\"swiper-slide\">\n                    <div class=\"realisation_block\">\n                        <div class=\"realisation_text\">\n                            <h4>\n                                Valeur 02                            <\/h4>\n                            <p>\n                                Lorem ipsum dolor sit amet, consectetur adipiscing elit, sed do eiusmod tempor incididunt ut labore et dolore magna aliqua. Ut enim ad minim veniam, quis nostrud exercitation ullamco laboris nisi ut aliquip. Lorem ipsum dolor sit amet, consectetur adipiscing elit, sed do eiusmod tempor incididunt ut labore et dolore magna aliqua. Ut enim ad minim veniam, quis nostrud exercitation ullamco laboris nisi ut aliquip.Lorem ipsum dolor sit amet, consectetur adipiscing elit, sed do eiusmod tempor incididunt ut labore et dolore magna aliqua. Ut enim ad minim veniam, quis nostrud exercitation ullamco laboris nisi ut ali                            <\/p>\n                        <\/div>\n                    <\/div>\n                <\/div>\n\n                \n                <div class=\"swiper-slide\">\n                    <div class=\"realisation_block\">\n                        <div class=\"realisation_text\">\n                            <h4>\n                                Valeur 03                            <\/h4>\n                            <p>\n                                Lorem ipsum dolor sit amet, consectetur adipiscing elit, sed do eiusmod tempor incididunt ut labore et dolore magna aliqua. Ut enim ad minim veniam, quis nostrud exercitation ullamco laboris nisi ut aliquip. Lorem ipsum dolor sit amet, consectetur adipiscing elit, sed do eiusmod tempor incididunt ut labore et dolore magna aliqua. Ut enim ad minim veniam, quis nostrud exercitation ullamco laboris nisi ut aliquip.Lorem ipsum dolor sit amet, consectetur adipiscing elit, sed do eiusmod tempor incididunt ut labore et dolore magna aliqua. Ut enim ad minim veniam, quis nostrud exercitation ullamco laboris nisi ut ali                            <\/p>\n                        <\/div>\n                    <\/div>\n                <\/div>\n\n                \n                <div class=\"swiper-slide\">\n                    <div class=\"realisation_block\">\n                        <div class=\"realisation_text\">\n                            <h4>\n                                Valeur 04                            <\/h4>\n                            <p>\n                                Lorem ipsum dolor sit amet, consectetur adipiscing elit, sed do eiusmod tempor incididunt ut labore et dolore magna aliqua. Ut enim ad minim veniam, quis nostrud exercitation ullamco laboris nisi ut aliquip. Lorem ipsum dolor sit amet, consectetur adipiscing elit, sed do eiusmod tempor incididunt ut labore et dolore magna aliqua. Ut enim ad minim veniam, quis nostrud exercitation ullamco laboris nisi ut aliquip.Lorem ipsum dolor sit amet, consectetur adipiscing elit, sed do eiusmod tempor incididunt ut labore et dolore magna aliqua. Ut enim ad minim veniam, quis nostrud exercitation ullamco laboris nisi ut ali                            <\/p>\n                        <\/div>\n                    <\/div>\n                <\/div>\n\n                \n            <\/div>\n        <\/div>\n    <\/div>\n\n<\/div>\n<\/section>\n\n\n\n<section class=\"wp-block-group alignfull image_equipe is-layout-constrained wp-block-group-is-layout-constrained\">\n<div class=\"wp-block-group wrapper_image_equipe is-layout-constrained wp-block-group-is-layout-constrained\">\n<figure class=\"wp-block-image size-large image_center\"><img loading=\"lazy\" decoding=\"async\" width=\"1024\" height=\"573\" src=\"https:\/\/www.rgcv.ca\/wp-content\/uploads\/2024\/08\/equipe-1024x573.png\" alt=\"\" class=\"wp-image-555\" srcset=\"https:\/\/www.rgcv.ca\/wp-content\/uploads\/2024\/08\/equipe-1024x573.png 1024w, https:\/\/www.rgcv.ca\/wp-content\/uploads\/2024\/08\/equipe-300x168.png 300w, https:\/\/www.rgcv.ca\/wp-content\/uploads\/2024\/08\/equipe-768x430.png 768w, https:\/\/www.rgcv.ca\/wp-content\/uploads\/2024\/08\/equipe-120x67.png 120w, https:\/\/www.rgcv.ca\/wp-content\/uploads\/2024\/08\/equipe.png 1340w\" sizes=\"auto, (max-width: 1024px) 100vw, 1024px\" \/><\/figure>\n<\/div>\n\n\n\n<div class=\"triangle\"><\/div>\n<\/section>\n","protected":false},"excerpt":{"rendered":"<p>About us<\/p>\n","protected":false},"author":1,"featured_media":0,"parent":0,"menu_order":0,"comment_status":"closed","ping_status":"closed","template":"","meta":{"_acf_changed":false,"inline_featured_image":false,"footnotes":""},"class_list":["post-712","page","type-page","status-publish","hentry"],"acf":[],"yoast_head":"<!-- This site is optimized with the Yoast SEO plugin v26.5 - https:\/\/yoast.com\/wordpress\/plugins\/seo\/ -->\n<title>About us | RGCV | Climatisation Ventilation Chauffage G\u00e9othermie | Gatineau<\/title>\n<meta name=\"robots\" content=\"index, follow, max-snippet:-1, max-image-preview:large, max-video-preview:-1\" \/>\n<link rel=\"canonical\" href=\"https:\/\/www.rgcv.ca\/en\/about-us\/\" \/>\n<meta property=\"og:locale\" content=\"en_US\" \/>\n<meta property=\"og:type\" content=\"article\" \/>\n<meta property=\"og:title\" content=\"About us | RGCV | Climatisation Ventilation Chauffage G\u00e9othermie | Gatineau\" \/>\n<meta property=\"og:description\" content=\"About us\" \/>\n<meta property=\"og:url\" content=\"https:\/\/www.rgcv.ca\/en\/about-us\/\" \/>\n<meta property=\"og:site_name\" content=\"RGCV | Climatisation Ventilation Chauffage G\u00e9othermie | Gatineau\" \/>\n<meta property=\"article:modified_time\" content=\"2024-08-28T16:21:57+00:00\" \/>\n<meta property=\"og:image\" content=\"https:\/\/www.rgcv.ca\/wp-content\/uploads\/2024\/08\/service_banner-1024x222.png\" \/>\n<meta name=\"twitter:card\" content=\"summary_large_image\" \/>\n<meta name=\"twitter:label1\" content=\"Est. reading time\" \/>\n\t<meta name=\"twitter:data1\" content=\"1 minute\" \/>\n<script type=\"application\/ld+json\" class=\"yoast-schema-graph\">{\"@context\":\"https:\/\/schema.org\",\"@graph\":[{\"@type\":\"WebPage\",\"@id\":\"https:\/\/www.rgcv.ca\/en\/about-us\/\",\"url\":\"https:\/\/www.rgcv.ca\/en\/about-us\/\",\"name\":\"About us | RGCV | Climatisation Ventilation Chauffage G\u00e9othermie | Gatineau\",\"isPartOf\":{\"@id\":\"https:\/\/www.rgcv.ca\/en\/#website\"},\"primaryImageOfPage\":{\"@id\":\"https:\/\/www.rgcv.ca\/en\/about-us\/#primaryimage\"},\"image\":{\"@id\":\"https:\/\/www.rgcv.ca\/en\/about-us\/#primaryimage\"},\"thumbnailUrl\":\"https:\/\/www.rgcv.ca\/wp-content\/uploads\/2024\/08\/service_banner-1024x222.png\",\"datePublished\":\"2024-07-30T00:55:55+00:00\",\"dateModified\":\"2024-08-28T16:21:57+00:00\",\"breadcrumb\":{\"@id\":\"https:\/\/www.rgcv.ca\/en\/about-us\/#breadcrumb\"},\"inLanguage\":\"en-US\",\"potentialAction\":[{\"@type\":\"ReadAction\",\"target\":[\"https:\/\/www.rgcv.ca\/en\/about-us\/\"]}]},{\"@type\":\"ImageObject\",\"inLanguage\":\"en-US\",\"@id\":\"https:\/\/www.rgcv.ca\/en\/about-us\/#primaryimage\",\"url\":\"https:\/\/www.rgcv.ca\/wp-content\/uploads\/2024\/08\/service_banner-1024x222.png\",\"contentUrl\":\"https:\/\/www.rgcv.ca\/wp-content\/uploads\/2024\/08\/service_banner-1024x222.png\"},{\"@type\":\"BreadcrumbList\",\"@id\":\"https:\/\/www.rgcv.ca\/en\/about-us\/#breadcrumb\",\"itemListElement\":[{\"@type\":\"ListItem\",\"position\":1,\"name\":\"Home\",\"item\":\"https:\/\/www.rgcv.ca\/en\/\"},{\"@type\":\"ListItem\",\"position\":2,\"name\":\"About us\"}]},{\"@type\":\"WebSite\",\"@id\":\"https:\/\/www.rgcv.ca\/en\/#website\",\"url\":\"https:\/\/www.rgcv.ca\/en\/\",\"name\":\"RGCV | Climatisation Ventilation Chauffage G\u00e9othermie | Gatineau\",\"description\":\"\",\"publisher\":{\"@id\":\"https:\/\/www.rgcv.ca\/en\/#organization\"},\"potentialAction\":[{\"@type\":\"SearchAction\",\"target\":{\"@type\":\"EntryPoint\",\"urlTemplate\":\"https:\/\/www.rgcv.ca\/en\/?s={search_term_string}\"},\"query-input\":{\"@type\":\"PropertyValueSpecification\",\"valueRequired\":true,\"valueName\":\"search_term_string\"}}],\"inLanguage\":\"en-US\"},{\"@type\":\"Organization\",\"@id\":\"https:\/\/www.rgcv.ca\/en\/#organization\",\"name\":\"RGCV | Climatisation Ventilation Chauffage G\u00e9othermie | Gatineau\",\"url\":\"https:\/\/www.rgcv.ca\/en\/\",\"logo\":{\"@type\":\"ImageObject\",\"inLanguage\":\"en-US\",\"@id\":\"https:\/\/www.rgcv.ca\/en\/#\/schema\/logo\/image\/\",\"url\":\"https:\/\/www.rgcv.ca\/wp-content\/uploads\/2024\/07\/logorgcv.svg\",\"contentUrl\":\"https:\/\/www.rgcv.ca\/wp-content\/uploads\/2024\/07\/logorgcv.svg\",\"caption\":\"RGCV | Climatisation Ventilation Chauffage G\u00e9othermie | Gatineau\"},\"image\":{\"@id\":\"https:\/\/www.rgcv.ca\/en\/#\/schema\/logo\/image\/\"}}]}<\/script>\n<!-- \/ Yoast SEO plugin. -->","yoast_head_json":{"title":"About us | RGCV | Climatisation Ventilation Chauffage G\u00e9othermie | Gatineau","robots":{"index":"index","follow":"follow","max-snippet":"max-snippet:-1","max-image-preview":"max-image-preview:large","max-video-preview":"max-video-preview:-1"},"canonical":"https:\/\/www.rgcv.ca\/en\/about-us\/","og_locale":"en_US","og_type":"article","og_title":"About us | RGCV | Climatisation Ventilation Chauffage G\u00e9othermie | Gatineau","og_description":"About us","og_url":"https:\/\/www.rgcv.ca\/en\/about-us\/","og_site_name":"RGCV | Climatisation Ventilation Chauffage G\u00e9othermie | Gatineau","article_modified_time":"2024-08-28T16:21:57+00:00","og_image":[{"url":"https:\/\/www.rgcv.ca\/wp-content\/uploads\/2024\/08\/service_banner-1024x222.png","type":"","width":"","height":""}],"twitter_card":"summary_large_image","twitter_misc":{"Est. reading time":"1 minute"},"schema":{"@context":"https:\/\/schema.org","@graph":[{"@type":"WebPage","@id":"https:\/\/www.rgcv.ca\/en\/about-us\/","url":"https:\/\/www.rgcv.ca\/en\/about-us\/","name":"About us | RGCV | Climatisation Ventilation Chauffage G\u00e9othermie | Gatineau","isPartOf":{"@id":"https:\/\/www.rgcv.ca\/en\/#website"},"primaryImageOfPage":{"@id":"https:\/\/www.rgcv.ca\/en\/about-us\/#primaryimage"},"image":{"@id":"https:\/\/www.rgcv.ca\/en\/about-us\/#primaryimage"},"thumbnailUrl":"https:\/\/www.rgcv.ca\/wp-content\/uploads\/2024\/08\/service_banner-1024x222.png","datePublished":"2024-07-30T00:55:55+00:00","dateModified":"2024-08-28T16:21:57+00:00","breadcrumb":{"@id":"https:\/\/www.rgcv.ca\/en\/about-us\/#breadcrumb"},"inLanguage":"en-US","potentialAction":[{"@type":"ReadAction","target":["https:\/\/www.rgcv.ca\/en\/about-us\/"]}]},{"@type":"ImageObject","inLanguage":"en-US","@id":"https:\/\/www.rgcv.ca\/en\/about-us\/#primaryimage","url":"https:\/\/www.rgcv.ca\/wp-content\/uploads\/2024\/08\/service_banner-1024x222.png","contentUrl":"https:\/\/www.rgcv.ca\/wp-content\/uploads\/2024\/08\/service_banner-1024x222.png"},{"@type":"BreadcrumbList","@id":"https:\/\/www.rgcv.ca\/en\/about-us\/#breadcrumb","itemListElement":[{"@type":"ListItem","position":1,"name":"Home","item":"https:\/\/www.rgcv.ca\/en\/"},{"@type":"ListItem","position":2,"name":"About us"}]},{"@type":"WebSite","@id":"https:\/\/www.rgcv.ca\/en\/#website","url":"https:\/\/www.rgcv.ca\/en\/","name":"RGCV | Climatisation Ventilation Chauffage G\u00e9othermie | Gatineau","description":"","publisher":{"@id":"https:\/\/www.rgcv.ca\/en\/#organization"},"potentialAction":[{"@type":"SearchAction","target":{"@type":"EntryPoint","urlTemplate":"https:\/\/www.rgcv.ca\/en\/?s={search_term_string}"},"query-input":{"@type":"PropertyValueSpecification","valueRequired":true,"valueName":"search_term_string"}}],"inLanguage":"en-US"},{"@type":"Organization","@id":"https:\/\/www.rgcv.ca\/en\/#organization","name":"RGCV | Climatisation Ventilation Chauffage G\u00e9othermie | Gatineau","url":"https:\/\/www.rgcv.ca\/en\/","logo":{"@type":"ImageObject","inLanguage":"en-US","@id":"https:\/\/www.rgcv.ca\/en\/#\/schema\/logo\/image\/","url":"https:\/\/www.rgcv.ca\/wp-content\/uploads\/2024\/07\/logorgcv.svg","contentUrl":"https:\/\/www.rgcv.ca\/wp-content\/uploads\/2024\/07\/logorgcv.svg","caption":"RGCV | Climatisation Ventilation Chauffage G\u00e9othermie | Gatineau"},"image":{"@id":"https:\/\/www.rgcv.ca\/en\/#\/schema\/logo\/image\/"}}]}},"featured_image_src":null,"featured_image_src_square":null,"_links":{"self":[{"href":"https:\/\/www.rgcv.ca\/en\/wp-json\/wp\/v2\/pages\/712","targetHints":{"allow":["GET"]}}],"collection":[{"href":"https:\/\/www.rgcv.ca\/en\/wp-json\/wp\/v2\/pages"}],"about":[{"href":"https:\/\/www.rgcv.ca\/en\/wp-json\/wp\/v2\/types\/page"}],"author":[{"embeddable":true,"href":"https:\/\/www.rgcv.ca\/en\/wp-json\/wp\/v2\/users\/1"}],"replies":[{"embeddable":true,"href":"https:\/\/www.rgcv.ca\/en\/wp-json\/wp\/v2\/comments?post=712"}],"version-history":[{"count":0,"href":"https:\/\/www.rgcv.ca\/en\/wp-json\/wp\/v2\/pages\/712\/revisions"}],"wp:attachment":[{"href":"https:\/\/www.rgcv.ca\/en\/wp-json\/wp\/v2\/media?parent=712"}],"curies":[{"name":"wp","href":"https:\/\/api.w.org\/{rel}","templated":true}]}}